{"id":40,"date":"2025-09-04T22:17:35","date_gmt":"2025-09-04T22:17:35","guid":{"rendered":"https:\/\/www.runtoswim.com\/services\/"},"modified":"2025-12-22T09:50:09","modified_gmt":"2025-12-22T09:50:09","slug":"services","status":"publish","type":"page","link":"https:\/\/www.runtoswim.com\/tr\/services\/","title":{"rendered":"Hizmetler"},"content":{"rendered":"<div class=\"inherit-container-width wp-block-group alignfull has-background-background-color has-background is-layout-constrained wp-container-core-group-is-layout-7276a2bb wp-block-group-is-layout-constrained\" id=\"services\" style=\"border-top-width:1px;margin-top:0;margin-bottom:0;padding-top:var(--wp--preset--spacing--60);padding-right:var(--wp--preset--spacing--30);padding-bottom:var(--wp--preset--spacing--60);padding-left:var(--wp--preset--spacing--30)\">\n<div class=\"wp-block-group alignwide is-vertical is-layout-flex wp-container-core-group-is-layout-fe9cc265 wp-block-group-is-layout-flex\">\n<div class=\"wp-block-group alignwide is-content-justification-left is-layout-constrained wp-container-core-group-is-layout-8b4c372c wp-block-group-is-layout-constrained\">\n<h2 class=\"wp-block-heading\" style=\"text-transform:capitalize\">Discover&nbsp;premium&nbsp;open&nbsp;water&nbsp;coaching&nbsp;and&nbsp;expeditions<\/h2>\n\n\n\n<p style=\"margin-top:16px\">Experience expertly guided marathon swims, epic crossings, and tailored training in breathtaking waters.<\/p>\n<\/div>\n<\/div>\n\n\n\n<div class=\"wp-block-columns alignwide is-layout-flex wp-container-core-columns-is-layout-28f84493 wp-block-columns-is-layout-flex\">\n<div class=\"wp-block-column has-border-color is-layout-flow wp-block-column-is-layout-flow\" style=\"border-color:#dddddd;border-width:1px;border-top-left-radius:8px;border-top-right-radius:8px;border-bottom-left-radius:8px;border-bottom-right-radius:8px;padding-top:var(--wp--preset--spacing--30);padding-right:var(--wp--preset--spacing--30);padding-bottom:var(--wp--preset--spacing--30);padding-left:var(--wp--preset--spacing--30)\">\n<h3 class=\"wp-block-heading has-montserrat-font-family\" style=\"font-size:22px;font-style:normal;font-weight:600;line-height:1.5;text-transform:capitalize\">Guided marathon swims and crossings<\/h3>\n\n\n\n<p class=\"has-small-font-size\" style=\"margin-top:8px\">High-trust expeditions with professional support, from route scouting to post-swim debriefs.<\/p>\n<\/div>\n\n\n\n<div class=\"wp-block-column has-border-color is-layout-flow wp-block-column-is-layout-flow\" style=\"border-color:#dddddd;border-width:1px;border-top-left-radius:8px;border-top-right-radius:8px;border-bottom-left-radius:8px;border-bottom-right-radius:8px;padding-top:var(--wp--preset--spacing--30);padding-right:var(--wp--preset--spacing--30);padding-bottom:var(--wp--preset--spacing--30);padding-left:var(--wp--preset--spacing--30)\">\n<h3 class=\"wp-block-heading has-montserrat-font-family\" style=\"font-size:22px;font-style:normal;font-weight:600;line-height:1.5;text-transform:capitalize\">Personal coaching and training plans<\/h3>\n\n\n\n<p class=\"has-small-font-size\" style=\"margin-top:8px\">Technique refinement, pacing, fueling, and mindset \u2014 built into weekly blocks.<\/p>\n<\/div>\n\n\n\n<div class=\"wp-block-column has-border-color is-layout-flow wp-block-column-is-layout-flow\" style=\"border-color:#dddddd;border-width:1px;border-top-left-radius:8px;border-top-right-radius:8px;border-bottom-left-radius:8px;border-bottom-right-radius:8px;padding-top:var(--wp--preset--spacing--30);padding-right:var(--wp--preset--spacing--30);padding-bottom:var(--wp--preset--spacing--30);padding-left:var(--wp--preset--spacing--30)\">\n<h3 class=\"wp-block-heading has-montserrat-font-family\" style=\"font-size:22px;line-height:1.5;text-transform:capitalize\">Safety, equipment, and briefings<\/h3>\n\n\n\n<p class=\"has-small-font-size\" style=\"margin-top:8px\">Checklists, escort setup, and readiness assessments tailored to your swim.<\/p>\n<\/div>\n<\/div>\n<\/div>\n\n\n\n<div class=\"inherit-container-width wp-block-group alignfull has-tertiary-background-color has-background is-layout-constrained wp-container-core-group-is-layout-7276a2bb wp-block-group-is-layout-constrained\" style=\"border-top-width:1px;margin-top:0;margin-bottom:0;padding-top:var(--wp--preset--spacing--60);padding-right:var(--wp--preset--spacing--30);padding-bottom:var(--wp--preset--spacing--60);padding-left:var(--wp--preset--spacing--30)\">\n<div class=\"wp-block-columns alignwide is-layout-flex wp-container-core-columns-is-layout-28f84493 wp-block-columns-is-layout-flex\">\n<div class=\"wp-block-column is-layout-flow wp-container-core-column-is-layout-119bc444 wp-block-column-is-layout-flow\">\n<h2 class=\"wp-block-heading has-large-font-size\" style=\"text-transform:capitalize\">Your path to the water<\/h2>\n\n\n\n<p style=\"margin-top:16px\">Seni unutulmaz y\u00fczme deneyimlerine ta\u015f\u0131yacak s\u00fcreci ke\u015ffet; kay\u0131t a\u015famas\u0131ndan ilk b\u00fcy\u00fck y\u00fcz\u00fc\u015f\u00fcne kadar ad\u0131m ad\u0131m \u00f6\u011fren.<\/p>\n\n\n\n<div class=\"wp-block-buttons is-content-justification-left is-layout-flex wp-container-core-buttons-is-layout-fc4fd283 wp-block-buttons-is-layout-flex\">\n<div class=\"wp-block-button is-style-fill\"><a class=\"wp-block-button__link wp-element-button\" href=\"https:\/\/www.runtoswim.com\/tr\/events\/\">Daha Fazlas\u0131n\u0131 Ke\u015ffet<\/a><\/div>\n<\/div>\n<\/div>\n\n\n\n<div class=\"wp-block-column is-layout-flow wp-container-core-column-is-layout-8a368f38 wp-block-column-is-layout-flow\">\n<div class=\"wp-block-group is-layout-constrained wp-container-core-group-is-layout-19e250f3 wp-block-group-is-layout-constrained\">\n<div class=\"wp-block-columns is-layout-flex wp-container-core-columns-is-layout-28f84493 wp-block-columns-is-layout-flex\">\n<div class=\"wp-block-column is-vertically-aligned-stretch is-layout-flow wp-container-core-column-is-layout-8a368f38 wp-block-column-is-layout-flow\" style=\"flex-basis:48px\">\n<div class=\"wp-block-group is-layout-constrained wp-container-core-group-is-layout-4b2ef9fa wp-block-group-is-layout-constrained\">\n<div class=\"wp-block-group is-vertical is-content-justification-center is-nowrap is-layout-flex wp-container-core-group-is-layout-22bbd74c wp-block-group-is-layout-flex\" style=\"border-width:1px;border-radius:20rem;min-height:48px;padding-top:var(--wp--preset--spacing--20);padding-right:var(--wp--preset--spacing--20);padding-bottom:var(--wp--preset--spacing--20);padding-left:var(--wp--preset--spacing--20)\">\n<p class=\"has-small-font-size\" style=\"font-style:normal;font-weight:500;line-height:1\">1<\/p>\n<\/div>\n<\/div>\n\n\n\n<div class=\"wp-block-group is-layout-constrained wp-container-core-group-is-layout-aeac42b8 wp-block-group-is-layout-constrained\" style=\"min-height:100%\">\n<div class=\"wp-block-group has-foreground-background-color has-background is-vertical is-layout-flex wp-container-core-group-is-layout-2be940f7 wp-block-group-is-layout-flex\" style=\"min-height:100%;padding-top:0;padding-right:0.03rem;padding-bottom:0;padding-left:0.03rem\">\n<div style=\"height:0px\" aria-hidden=\"true\" class=\"wp-block-spacer wp-container-content-759e20a8\"><\/div>\n<\/div>\n<\/div>\n<\/div>\n\n\n\n<div class=\"wp-block-column is-layout-flow wp-block-column-is-layout-flow\">\n<h3 class=\"wp-block-heading has-montserrat-font-family\" style=\"font-size:22px;font-style:normal;font-weight:600;line-height:1.5;text-transform:capitalize\">Step One: Choose your challenge<\/h3>\n\n\n\n<p class=\"has-small-font-size\" style=\"margin-top:8px\">Ekstrem y\u00fczme noktalar\u0131n\u0131 ke\u015ffet, uzun mesafeler i\u00e7in unutulmaz rotalarda antrenmana ba\u015fla.<\/p>\n<\/div>\n<\/div>\n\n\n\n<div class=\"wp-block-columns is-layout-flex wp-container-core-columns-is-layout-28f84493 wp-block-columns-is-layout-flex\">\n<div class=\"wp-block-column is-vertically-aligned-stretch is-layout-flow wp-container-core-column-is-layout-8a368f38 wp-block-column-is-layout-flow\" style=\"flex-basis:48px\">\n<div class=\"wp-block-group is-layout-constrained wp-container-core-group-is-layout-4b2ef9fa wp-block-group-is-layout-constrained\">\n<div class=\"wp-block-group is-vertical is-content-justification-center is-nowrap is-layout-flex wp-container-core-group-is-layout-22bbd74c wp-block-group-is-layout-flex\" style=\"border-width:1px;border-radius:20rem;min-height:48px;padding-top:var(--wp--preset--spacing--20);padding-right:var(--wp--preset--spacing--20);padding-bottom:var(--wp--preset--spacing--20);padding-left:var(--wp--preset--spacing--20)\">\n<p class=\"has-small-font-size\" style=\"font-style:normal;font-weight:500;line-height:1\">2<\/p>\n<\/div>\n<\/div>\n\n\n\n<div class=\"wp-block-group is-layout-constrained wp-container-core-group-is-layout-aeac42b8 wp-block-group-is-layout-constrained\" style=\"min-height:100%\">\n<div class=\"wp-block-group has-foreground-background-color has-background is-layout-constrained wp-container-core-group-is-layout-d9cda1d1 wp-block-group-is-layout-constrained\" style=\"min-height:100%;padding-top:0;padding-right:0.03rem;padding-bottom:0;padding-left:0.03rem\">\n<div style=\"height:100px\" aria-hidden=\"true\" class=\"wp-block-spacer\"><\/div>\n<\/div>\n<\/div>\n<\/div>\n\n\n\n<div class=\"wp-block-column is-layout-flow wp-block-column-is-layout-flow\">\n<h3 class=\"wp-block-heading has-montserrat-font-family\" style=\"font-size:22px;line-height:1.5;text-transform:capitalize\">Step Two: Prepare with a plan<\/h3>\n\n\n\n<p class=\"has-small-font-size\" style=\"margin-top:8px\">Uzman deste\u011fiyle g\u00fc\u00e7len, tekniklerini geli\u015ftir, y\u00fczme macerana haz\u0131r ol.<\/p>\n<\/div>\n<\/div>\n\n\n\n<div class=\"wp-block-columns is-layout-flex wp-container-core-columns-is-layout-28f84493 wp-block-columns-is-layout-flex\">\n<div class=\"wp-block-column is-vertically-aligned-stretch is-layout-flow wp-container-core-column-is-layout-8a368f38 wp-block-column-is-layout-flow\" style=\"flex-basis:48px\">\n<div class=\"wp-block-group is-layout-constrained wp-container-core-group-is-layout-4b2ef9fa wp-block-group-is-layout-constrained\">\n<div class=\"wp-block-group is-vertical is-content-justification-center is-nowrap is-layout-flex wp-container-core-group-is-layout-22bbd74c wp-block-group-is-layout-flex\" style=\"border-width:1px;border-radius:20rem;min-height:48px;padding-top:var(--wp--preset--spacing--20);padding-right:var(--wp--preset--spacing--20);padding-bottom:var(--wp--preset--spacing--20);padding-left:var(--wp--preset--spacing--20)\">\n<p class=\"has-small-font-size\" style=\"font-style:normal;font-weight:500;line-height:1\">3<\/p>\n<\/div>\n<\/div>\n<\/div>\n\n\n\n<div class=\"wp-block-column is-layout-flow wp-block-column-is-layout-flow\">\n<h3 class=\"wp-block-heading has-montserrat-font-family\" style=\"font-size:22px;line-height:1.5;text-transform:capitalize\">Step Three: Swim with full support<\/h3>\n\n\n\n<p class=\"has-small-font-size\" style=\"margin-top:8px\">Execute your adventure backed by safety and logistics.<\/p>\n<\/div>\n<\/div>\n<\/div>\n<\/div>\n<\/div>\n<\/div>\n\n\n\n<div class=\"inherit-container-width wp-block-group alignfull has-background-background-color has-background is-layout-constrained wp-container-core-group-is-layout-b8f1cce0 wp-block-group-is-layout-constrained\" id=\"testimonials\" style=\"border-top-width:1px;margin-top:0;margin-bottom:0;padding-top:0;padding-right:var(--wp--preset--spacing--30);padding-bottom:0;padding-left:var(--wp--preset--spacing--30)\">\n<div class=\"wp-block-group alignwide is-layout-flow wp-block-group-is-layout-flow\" style=\"padding-top:var(--wp--preset--spacing--60);padding-bottom:var(--wp--preset--spacing--60)\">\n<p class=\"has-text-align-center has-medium-font-size\" style=\"font-style:normal;font-weight:500;line-height:1.3\">\u201cRunToSwim changed how I train and gave me the confidence to attempt my first epic crossing.\u201d<\/p>\n\n\n\n<div class=\"wp-block-group is-layout-constrained wp-container-core-group-is-layout-03abb0ef wp-block-group-is-layout-constrained\">\n<figure class=\"wp-block-image aligncenter is-style-rounded\"><img loading=\"lazy\" decoding=\"async\" width=\"1280\" height=\"1920\" src=\"https:\/\/www.runtoswim.com\/wp-content\/uploads\/2025\/10\/e8f1aa24e6c7c74ff406f56e62047c6128853718.jpg\" alt=\"\" class=\"wp-image-92\" style=\"aspect-ratio:1;object-fit:cover\" srcset=\"https:\/\/www.runtoswim.com\/wp-content\/uploads\/2025\/10\/e8f1aa24e6c7c74ff406f56e62047c6128853718.jpg 1280w, https:\/\/www.runtoswim.com\/wp-content\/uploads\/2025\/10\/e8f1aa24e6c7c74ff406f56e62047c6128853718-600x900.jpg 600w, https:\/\/www.runtoswim.com\/wp-content\/uploads\/2025\/10\/e8f1aa24e6c7c74ff406f56e62047c6128853718-200x300.jpg 200w, https:\/\/www.runtoswim.com\/wp-content\/uploads\/2025\/10\/e8f1aa24e6c7c74ff406f56e62047c6128853718-683x1024.jpg 683w, https:\/\/www.runtoswim.com\/wp-content\/uploads\/2025\/10\/e8f1aa24e6c7c74ff406f56e62047c6128853718-768x1152.jpg 768w, https:\/\/www.runtoswim.com\/wp-content\/uploads\/2025\/10\/e8f1aa24e6c7c74ff406f56e62047c6128853718-1024x1536.jpg 1024w, https:\/\/www.runtoswim.com\/wp-content\/uploads\/2025\/10\/e8f1aa24e6c7c74ff406f56e62047c6128853718-8x12.jpg 8w\" sizes=\"auto, (max-width: 1280px) 100vw, 1280px\" \/><\/figure>\n<\/div>\n\n\n\n<h4 class=\"wp-block-heading has-text-align-center\" style=\"margin-top:18px;font-size:18px\">Taylor Reed<\/h4>\n\n\n\n<p class=\"has-text-align-center has-small-font-size\" style=\"margin-top:4px\">Uzun Mesafe Y\u00fcz\u00fcc\u00fcs\u00fc<\/p>\n<\/div>\n<\/div>","protected":false},"excerpt":{"rendered":"<p>Discover&nbsp;premium&nbsp;open&nbsp;water&nbsp;coaching&nbsp;and&nbsp;expeditions Experience expertly guided marathon swims, epic crossings, and tailored training in breathtaking waters. Guided marathon swims and crossings High-trust expeditions with professional support, from route scouting to post-swim debriefs. [&hellip;]<\/p>\n","protected":false},"author":1,"featured_media":0,"parent":0,"menu_order":0,"comment_status":"closed","ping_status":"closed","template":"","meta":{"om_disable_all_campaigns":false,"_uag_custom_page_level_css":"","_monsterinsights_skip_tracking":false,"_monsterinsights_sitenote_active":false,"_monsterinsights_sitenote_note":"","_monsterinsights_sitenote_category":0,"site-sidebar-layout":"default","site-content-layout":"","ast-site-content-layout":"default","site-content-style":"default","site-sidebar-style":"default","ast-global-header-display":"","ast-banner-title-visibility":"","ast-main-header-display":"","ast-hfb-above-header-display":"","ast-hfb-below-header-display":"","ast-hfb-mobile-header-display":"","site-post-title":"disabled","ast-breadcrumbs-content":"","ast-featured-img":"","footer-sml-layout":"","ast-disable-related-posts":"","theme-transparent-header-meta":"","adv-header-id-meta":"","stick-header-meta":"","header-above-stick-meta":"","header-main-stick-meta":"","header-below-stick-meta":"","astra-migrate-meta-layouts":"default","ast-page-background-enabled":"default","ast-page-background-meta":{"desktop":{"background-color":"var(--ast-global-color-5)","background-image":"","background-repeat":"repeat","background-position":"center center","background-size":"auto","background-attachment":"scroll","background-type":"","background-media":"","overlay-type":"","overlay-color":"","overlay-opacity":"","overlay-gradient":""},"tablet":{"background-color":"","background-image":"","background-repeat":"repeat","background-position":"center center","background-size":"auto","background-attachment":"scroll","background-type":"","background-media":"","overlay-type":"","overlay-color":"","overlay-opacity":"","overlay-gradient":""},"mobile":{"background-color":"","background-image":"","background-repeat":"repeat","background-position":"center center","background-size":"auto","background-attachment":"scroll","background-type":"","background-media":"","overlay-type":"","overlay-color":"","overlay-opacity":"","overlay-gradient":""}},"ast-content-background-meta":{"desktop":{"background-color":"var(--ast-global-color-4)","background-image":"","background-repeat":"repeat","background-position":"center center","background-size":"auto","background-attachment":"scroll","background-type":"","background-media":"","overlay-type":"","overlay-color":"","overlay-opacity":"","overlay-gradient":""},"tablet":{"background-color":"var(--ast-global-color-4)","background-image":"","background-repeat":"repeat","background-position":"center center","background-size":"auto","background-attachment":"scroll","background-type":"","background-media":"","overlay-type":"","overlay-color":"","overlay-opacity":"","overlay-gradient":""},"mobile":{"background-color":"var(--ast-global-color-4)","background-image":"","background-repeat":"repeat","background-position":"center center","background-size":"auto","background-attachment":"scroll","background-type":"","background-media":"","overlay-type":"","overlay-color":"","overlay-opacity":"","overlay-gradient":""}},"_price":"","_stock":"","_tribe_ticket_header":"","_tribe_default_ticket_provider":"","_tribe_ticket_capacity":"0","_ticket_start_date":"","_ticket_end_date":"","_tribe_ticket_show_description":"","_tribe_ticket_show_not_going":false,"_tribe_ticket_use_global_stock":"","_tribe_ticket_global_stock_level":"","_global_stock_mode":"","_global_stock_cap":"","_tribe_rsvp_for_event":"","_tribe_ticket_going_count":"","_tribe_ticket_not_going_count":"","_tribe_tickets_list":"[]","_tribe_ticket_has_attendee_info_fields":false,"footnotes":"","_tec_slr_enabled":"","_tec_slr_layout":""},"class_list":["post-40","page","type-page","status-publish","hentry"],"aioseo_notices":[],"uagb_featured_image_src":{"full":false,"thumbnail":false,"medium":false,"medium_large":false,"large":false,"1536x1536":false,"2048x2048":false,"trp-custom-language-flag":false,"woocommerce_thumbnail":false,"woocommerce_single":false,"woocommerce_gallery_thumbnail":false},"uagb_author_info":{"display_name":"runtoswim_2xu","author_link":"https:\/\/www.runtoswim.com\/tr\/author\/runtoswim_xu160i\/"},"uagb_comment_info":0,"uagb_excerpt":"Discover&nbsp;premium&nbsp;open&nbsp;water&nbsp;coaching&nbsp;and&nbsp;expeditions Experience expertly guided marathon swims, epic crossings, and tailored training in breathtaking waters. Guided marathon swims and crossings High-trust expeditions with professional support, from route scouting to post-swim debriefs. [&hellip;]","ticketed":false,"_links":{"self":[{"href":"https:\/\/www.runtoswim.com\/tr\/wp-json\/wp\/v2\/pages\/40","targetHints":{"allow":["GET"]}}],"collection":[{"href":"https:\/\/www.runtoswim.com\/tr\/wp-json\/wp\/v2\/pages"}],"about":[{"href":"https:\/\/www.runtoswim.com\/tr\/wp-json\/wp\/v2\/types\/page"}],"author":[{"embeddable":true,"href":"https:\/\/www.runtoswim.com\/tr\/wp-json\/wp\/v2\/users\/1"}],"replies":[{"embeddable":true,"href":"https:\/\/www.runtoswim.com\/tr\/wp-json\/wp\/v2\/comments?post=40"}],"version-history":[{"count":9,"href":"https:\/\/www.runtoswim.com\/tr\/wp-json\/wp\/v2\/pages\/40\/revisions"}],"predecessor-version":[{"id":1235,"href":"https:\/\/www.runtoswim.com\/tr\/wp-json\/wp\/v2\/pages\/40\/revisions\/1235"}],"wp:attachment":[{"href":"https:\/\/www.runtoswim.com\/tr\/wp-json\/wp\/v2\/media?parent=40"}],"curies":[{"name":"wp","href":"https:\/\/api.w.org\/{rel}","templated":true}]}}